{"id":82,"date":"2020-05-13T22:30:07","date_gmt":"2020-05-13T22:30:07","guid":{"rendered":"http:\/\/www.sovakmgt.com\/en\/?page_id=82"},"modified":"2020-08-05T09:43:09","modified_gmt":"2020-08-05T09:43:09","slug":"skills","status":"publish","type":"page","link":"https:\/\/www.sovakmgt.com\/en\/skills\/","title":{"rendered":"SKILLS"},"content":{"rendered":"<p>[vc_row css_animation=&#8221;&#8221; row_type=&#8221;row&#8221; use_row_as_full_screen_section=&#8221;no&#8221; type=&#8221;full_width&#8221; angled_section=&#8221;no&#8221; text_align=&#8221;left&#8221; background_image_as_pattern=&#8221;without_pattern&#8221; css=&#8221;.vc_custom_1584716669223{margin-bottom: 40px !important;padding-top: 65px !important;padding-right: 10% !important;padding-bottom: 30px !important;padding-left: 10% !important;background-image: url(http:\/\/www.sovakmgt.com\/wp-content\/uploads\/2020\/03\/Sovak-Comp\u00e9tences-img.jpg?id=1312) !important;}&#8221; z_index=&#8221;&#8221;][vc_column width=&#8221;1\/4&#8243;][\/vc_column][vc_column width=&#8221;1\/2&#8243;][vc_empty_space height=&#8221;45px&#8221;][vc_column_text]<\/p>\n<h1 style=\"text-align: center; color: #000000; font-weight: 400; font-size: 23px;\">Manage your CONDOMINIUM and RENTAL PROPERTIES with PRIDE, PASSION, INTEGRITY, and PROFESSIONALISM.<\/h1>\n<p>[\/vc_column_text][vc_empty_space height=&#8221;25px&#8221;][vc_column_text]<\/p>\n<h1 style=\"text-align: center; color: #b69e67; font-weight: 400; font-size: 23px;\"><em>That\u2019s our signature!<\/em><\/h1>\n<p>[\/vc_column_text][vc_empty_space height=&#8221;85px&#8221;][\/vc_column][vc_column width=&#8221;1\/4&#8243;][\/vc_column][\/vc_row][vc_row css_animation=&#8221;&#8221; row_type=&#8221;row&#8221; use_row_as_full_screen_section=&#8221;no&#8221; type=&#8221;full_width&#8221; angled_section=&#8221;no&#8221; text_align=&#8221;left&#8221; background_image_as_pattern=&#8221;without_pattern&#8221;][vc_column][vc_separator type=&#8221;normal&#8221; color=&#8221;#ffffff&#8221; thickness=&#8221;2&#8243; up=&#8221;40&#8243; down=&#8221;40&#8243;][\/vc_column][\/vc_row][vc_row css_animation=&#8221;&#8221; row_type=&#8221;row&#8221; use_row_as_full_screen_section=&#8221;no&#8221; type=&#8221;full_width&#8221; angled_section=&#8221;no&#8221; text_align=&#8221;left&#8221; background_image_as_pattern=&#8221;without_pattern&#8221; z_index=&#8221;&#8221;][vc_column][qode_elements_holder number_of_columns=&#8221;two_columns&#8221; custom_class=&#8221;beigebanner&#8221;][qode_elements_holder_item vertical_alignment=&#8221;middle&#8221; horizontal_alignment=&#8221;center&#8221; advanced_animations=&#8221;no&#8221;][vc_single_image image=&#8221;84&#8243; img_size=&#8221;full&#8221; alignment=&#8221;center&#8221; qode_css_animation=&#8221;&#8221; css=&#8221;.vc_custom_1589408631874{padding-top: 5% !important;padding-right: 5% !important;padding-bottom: 5% !important;padding-left: 5% !important;}&#8221;][\/qode_elements_holder_item][qode_elements_holder_item vertical_alignment=&#8221;middle&#8221; horizontal_alignment=&#8221;left&#8221; advanced_animations=&#8221;no&#8221;][vc_column_text]<strong>SOVAK MANAGEMENT INC.<\/strong> was founded by an engineer and a real estate administrator, along with a team of real estate experts. As real estate investors, we are the perfect people to ensure the conservation and the profitability of your property. We take on all the responsibility that is usually placed upon the <a href=\"http:\/\/www.sovakmgt.com\/en\/property-management\/\">rental property\u2019s<\/a> owner and condominium\u2019s directors.[\/vc_column_text][\/qode_elements_holder_item][\/qode_elements_holder][\/vc_column][\/vc_row][vc_row css_animation=&#8221;&#8221; row_type=&#8221;row&#8221; use_row_as_full_screen_section=&#8221;no&#8221; type=&#8221;full_width&#8221; angled_section=&#8221;no&#8221; text_align=&#8221;left&#8221; background_image_as_pattern=&#8221;without_pattern&#8221;][vc_column][vc_separator type=&#8221;normal&#8221; color=&#8221;#ffffff&#8221; thickness=&#8221;2&#8243; up=&#8221;40&#8243; down=&#8221;40&#8243;][\/vc_column][\/vc_row][vc_row css_animation=&#8221;&#8221; row_type=&#8221;row&#8221; use_row_as_full_screen_section=&#8221;no&#8221; type=&#8221;full_width&#8221; angled_section=&#8221;no&#8221; text_align=&#8221;left&#8221; background_image_as_pattern=&#8221;without_pattern&#8221; z_index=&#8221;&#8221;][vc_column][qode_elements_holder number_of_columns=&#8221;two_columns&#8221; columns_proportion=&#8221;66_33&#8243; custom_class=&#8221;beigebanner&#8221;][qode_elements_holder_item vertical_alignment=&#8221;middle&#8221; horizontal_alignment=&#8221;left&#8221; advanced_animations=&#8221;no&#8221;][vc_column_text]<\/p>\n<h2>MANAGEMENT OF THE BUILDING\u2019S TECHNICAL ASPECTS<\/h2>\n<p>[\/vc_column_text][vc_separator type=&#8221;small&#8221; position=&#8221;left&#8221; width_in_percentages=&#8221;yes&#8221; color=&#8221;#000000&#8243; thickness=&#8221;1&#8243; width=&#8221;25&#8243; up=&#8221;30&#8243; down=&#8221;40&#8243;][vc_column_text]As a member of the Ordre des ing\u00e9nieurs du Qu\u00e9bec, our skills allow us to practice <strong>preventative<\/strong> maintenance and repairs which help increase the profitability of a property through <strong>healthy management.<\/strong> Thanks to our expertise in building envelopes and mechanics, we can help you save money when it comes to inspections and <a href=\"http:\/\/www.sovakmgt.com\/en\/\">building maintenance<\/a>. We promise to keep the properties and equipment under our care in great shape.[\/vc_column_text][\/qode_elements_holder_item][qode_elements_holder_item vertical_alignment=&#8221;middle&#8221; horizontal_alignment=&#8221;center&#8221; advanced_animations=&#8221;no&#8221; item_padding=&#8221;10% 10% 10% 10%&#8221;][vc_single_image image=&#8221;86&#8243; img_size=&#8221;full&#8221; alignment=&#8221;center&#8221; qode_css_animation=&#8221;&#8221; css=&#8221;.vc_custom_1589408714893{padding-top: 10% !important;padding-right: 10% !important;padding-bottom: 10% !important;padding-left: 10% !important;}&#8221;][\/qode_elements_holder_item][\/qode_elements_holder][\/vc_column][\/vc_row][vc_row css_animation=&#8221;&#8221; row_type=&#8221;row&#8221; use_row_as_full_screen_section=&#8221;no&#8221; type=&#8221;full_width&#8221; angled_section=&#8221;no&#8221; text_align=&#8221;left&#8221; background_image_as_pattern=&#8221;without_pattern&#8221;][vc_column][vc_separator type=&#8221;normal&#8221; color=&#8221;#ffffff&#8221; thickness=&#8221;2&#8243; up=&#8221;40&#8243; down=&#8221;40&#8243;][\/vc_column][\/vc_row][vc_row css_animation=&#8221;&#8221; row_type=&#8221;row&#8221; use_row_as_full_screen_section=&#8221;no&#8221; type=&#8221;full_width&#8221; angled_section=&#8221;no&#8221; text_align=&#8221;left&#8221; background_image_as_pattern=&#8221;without_pattern&#8221; z_index=&#8221;&#8221;][vc_column][qode_elements_holder number_of_columns=&#8221;two_columns&#8221; custom_class=&#8221;beigebanner&#8221;][qode_elements_holder_item vertical_alignment=&#8221;middle&#8221; horizontal_alignment=&#8221;center&#8221; advanced_animations=&#8221;no&#8221; item_padding=&#8221;15% 15% 15% 15%&#8221;][vc_single_image image=&#8221;85&#8243; img_size=&#8221;full&#8221; alignment=&#8221;center&#8221; qode_css_animation=&#8221;&#8221; css=&#8221;.vc_custom_1589408742440{padding-top: 20% !important;padding-right: 20% !important;padding-bottom: 20% !important;padding-left: 20% !important;}&#8221;][\/qode_elements_holder_item][qode_elements_holder_item vertical_alignment=&#8221;middle&#8221; horizontal_alignment=&#8221;left&#8221; advanced_animations=&#8221;no&#8221;][vc_column_text]<\/p>\n<h2>ADMINISTRATIVE MANAGEMENT OF THE BUILDING<\/h2>\n<p>[\/vc_column_text][vc_separator type=&#8221;small&#8221; position=&#8221;left&#8221; width_in_percentages=&#8221;yes&#8221; color=&#8221;#000000&#8243; thickness=&#8221;1&#8243; width=&#8221;25&#8243; up=&#8221;30&#8243; down=&#8221;40&#8243;][vc_column_text css=&#8221;.vc_custom_1589408895453{padding-right: 10% !important;}&#8221;]The title of certified director is a distinct title in the world of management. It serves as a sign of professional and personal skills. In earning that title, the manager sends a clear message to everyone they work with: the certified director is subject to the highest standards in professionalism, discipline, ethics, and skill.\u201d (Source: <strong>ADMA<\/strong>)<br \/>\nWe work in direct collaboration with a complementary team with experience in technical, administrative, legal, and financial management of income properties and condominiums. Our solid property management team\u2019s top priority is making rational decisions to ensure the protection of the property and the stability of tenants and co-owners.[\/vc_column_text][\/qode_elements_holder_item][\/qode_elements_holder][\/vc_column][\/vc_row][vc_row css_animation=&#8221;&#8221; row_type=&#8221;row&#8221; use_row_as_full_screen_section=&#8221;no&#8221; type=&#8221;full_width&#8221; angled_section=&#8221;no&#8221; text_align=&#8221;left&#8221; background_image_as_pattern=&#8221;without_pattern&#8221;][vc_column][vc_separator type=&#8221;normal&#8221; color=&#8221;#ffffff&#8221; thickness=&#8221;2&#8243; up=&#8221;40&#8243; down=&#8221;40&#8243;][\/vc_column][\/vc_row][vc_row css_animation=&#8221;&#8221; row_type=&#8221;row&#8221; use_row_as_full_screen_section=&#8221;no&#8221; type=&#8221;full_width&#8221; angled_section=&#8221;no&#8221; text_align=&#8221;left&#8221; background_image_as_pattern=&#8221;without_pattern&#8221; z_index=&#8221;&#8221;][vc_column][qode_elements_holder number_of_columns=&#8221;two_columns&#8221; columns_proportion=&#8221;66_33&#8243; custom_class=&#8221;beigebanner&#8221;][qode_elements_holder_item vertical_alignment=&#8221;middle&#8221; horizontal_alignment=&#8221;left&#8221; advanced_animations=&#8221;no&#8221;][vc_column_text]<\/p>\n<h2>PROFESSIONAL LIABILITY INSURANCE<\/h2>\n<p>[\/vc_column_text][vc_separator type=&#8221;small&#8221; position=&#8221;left&#8221; width_in_percentages=&#8221;yes&#8221; color=&#8221;#000000&#8243; thickness=&#8221;1&#8243; width=&#8221;25&#8243; up=&#8221;30&#8243; down=&#8221;40&#8243;][vc_column_text]As members of two professional organizations, the Ordre des ing\u00e9nieurs du Qu\u00e9bec (OIQ) and the Ordres des Administrateurs Agr\u00e9e du Qu\u00e9bec (ADMA), respecting the ethical and professional codes is part of our business ethics. One of the requirements to be part of these two organizations is to hold a professional indemnity policy which allows the insured party to address the legal obligation of reparations in the case of injury caused by another. When you do business with <strong>SOVAK MANAGEMENT INC.<\/strong>, you will be protected from all\u00a0 allegations of errors or omissions, as well as negligent acts.[\/vc_column_text][\/qode_elements_holder_item][qode_elements_holder_item vertical_alignment=&#8221;middle&#8221; horizontal_alignment=&#8221;center&#8221; advanced_animations=&#8221;no&#8221; item_padding=&#8221;10% 10% 10% 10%&#8221;][vc_single_image image=&#8221;83&#8243; img_size=&#8221;full&#8221; alignment=&#8221;center&#8221; qode_css_animation=&#8221;&#8221; css=&#8221;.vc_custom_1589408991798{padding-top: 10% !important;padding-right: 10% !important;padding-bottom: 10% !important;padding-left: 10% !important;}&#8221;][\/qode_elements_holder_item][\/qode_elements_holder][\/vc_column][\/vc_row][vc_row css_animation=&#8221;&#8221; row_type=&#8221;row&#8221; use_row_as_full_screen_section=&#8221;no&#8221; type=&#8221;full_width&#8221; angled_section=&#8221;no&#8221; text_align=&#8221;left&#8221; background_image_as_pattern=&#8221;without_pattern&#8221;][vc_column][vc_separator type=&#8221;normal&#8221; color=&#8221;#ffffff&#8221; thickness=&#8221;2&#8243; up=&#8221;40&#8243; down=&#8221;40&#8243;][\/vc_column][\/vc_row][vc_row css_animation=&#8221;&#8221; row_type=&#8221;row&#8221; use_row_as_full_screen_section=&#8221;no&#8221; type=&#8221;full_width&#8221; angled_section=&#8221;no&#8221; text_align=&#8221;left&#8221; background_image_as_pattern=&#8221;without_pattern&#8221;][vc_column][vc_empty_space height=&#8221;100px&#8221;][\/vc_column][\/vc_row]<\/p>\n","protected":false},"excerpt":{"rendered":"<p>[vc_row css_animation=&#8221;&#8221; row_type=&#8221;row&#8221; use_row_as_full_screen_section=&#8221;no&#8221; type=&#8221;full_width&#8221; angled_section=&#8221;no&#8221; text_align=&#8221;left&#8221; background_image_as_pattern=&#8221;without_pattern&#8221; css=&#8221;.vc_custom_1584716669223{margin-bottom: 40px !important;padding-top: 65px !important;padding-right: 10% !important;padding-bottom: 30px !important;padding-left: 10% !important;background-image: url(http:\/\/www.sovakmgt.com\/wp-content\/uploads\/2020\/03\/Sovak-Comp\u00e9tences-img.jpg?id=1312) !important;}&#8221; z_index=&#8221;&#8221;][vc_column width=&#8221;1\/4&#8243;][\/vc_column][vc_column width=&#8221;1\/2&#8243;][vc_empty_space height=&#8221;45px&#8221;][vc_column_text] Manage your CONDOMINIUM and RENTAL PROPERTIES with PRIDE, PASSION, INTEGRITY, and PROFESSIONALISM. [\/vc_column_text][vc_empty_space height=&#8221;25px&#8221;][vc_column_text] That\u2019s our signature! [\/vc_column_text][vc_empty_space height=&#8221;85px&#8221;][\/vc_column][vc_column width=&#8221;1\/4&#8243;][\/vc_column][\/vc_row][vc_row&#8230;<\/p>\n","protected":false},"author":2,"featured_media":0,"parent":0,"menu_order":0,"comment_status":"closed","ping_status":"closed","template":"","meta":[],"_links":{"self":[{"href":"https:\/\/www.sovakmgt.com\/en\/wp-json\/wp\/v2\/pages\/82"}],"collection":[{"href":"https:\/\/www.sovakmgt.com\/en\/wp-json\/wp\/v2\/pages"}],"about":[{"href":"https:\/\/www.sovakmgt.com\/en\/wp-json\/wp\/v2\/types\/page"}],"author":[{"embeddable":true,"href":"https:\/\/www.sovakmgt.com\/en\/wp-json\/wp\/v2\/users\/2"}],"replies":[{"embeddable":true,"href":"https:\/\/www.sovakmgt.com\/en\/wp-json\/wp\/v2\/comments?post=82"}],"version-history":[{"count":3,"href":"https:\/\/www.sovakmgt.com\/en\/wp-json\/wp\/v2\/pages\/82\/revisions"}],"predecessor-version":[{"id":161,"href":"https:\/\/www.sovakmgt.com\/en\/wp-json\/wp\/v2\/pages\/82\/revisions\/161"}],"wp:attachment":[{"href":"https:\/\/www.sovakmgt.com\/en\/wp-json\/wp\/v2\/media?parent=82"}],"curies":[{"name":"wp","href":"https:\/\/api.w.org\/{rel}","templated":true}]}}