{"id":88,"date":"2020-05-13T22:52:11","date_gmt":"2020-05-13T22:52:11","guid":{"rendered":"http:\/\/www.sovakmgt.com\/en\/?page_id=88"},"modified":"2020-08-05T09:56:22","modified_gmt":"2020-08-05T09:56:22","slug":"why-trust-us-with-your-management","status":"publish","type":"page","link":"https:\/\/www.sovakmgt.com\/en\/why-trust-us-with-your-management\/","title":{"rendered":"WHY TRUST US WITH YOUR MANAGEMENT"},"content":{"rendered":"<p>[vc_row css_animation=&#8221;&#8221; row_type=&#8221;row&#8221; use_row_as_full_screen_section=&#8221;no&#8221; type=&#8221;full_width&#8221; angled_section=&#8221;no&#8221; text_align=&#8221;left&#8221; background_image_as_pattern=&#8221;without_pattern&#8221; css=&#8221;.vc_custom_1584717279081{margin-bottom: 40px !important;padding-top: 65px !important;padding-right: 10% !important;padding-bottom: 30px !important;padding-left: 10% !important;background-image: url(http:\/\/www.sovakmgt.com\/wp-content\/uploads\/2020\/03\/Sovak-Pourquoi-nous-confier-la-gestion.jpg?id=1314) !important;}&#8221; z_index=&#8221;&#8221;][vc_column width=&#8221;1\/4&#8243;][\/vc_column][vc_column width=&#8221;1\/2&#8243;][vc_empty_space height=&#8221;25px&#8221;][vc_column_text]<\/p>\n<h1 style=\"text-align: center; color: #000000; font-weight: 400; font-size: 23px;\">Why trust SOVAK MANAGEMENT INC. with your property management?<\/h1>\n<p>[\/vc_column_text][vc_empty_space height=&#8221;25px&#8221;][vc_column_text]<\/p>\n<p style=\"text-align: center;\">Currently, anyone who wants to be called a <a href=\"http:\/\/www.sovakmgt.com\/en\/condominium-management\/\">condominium manager<\/a> can give themselves that title without having to go through any sort of regulating organization. Since management work requires a great amount of rigour and the mastery of numerous skills, simply calling yourself a manager can lead to serious issues.<\/p>\n<p>[\/vc_column_text][vc_empty_space height=&#8221;25px&#8221;][vc_column_text]<\/p>\n<h1 style=\"text-align: center; color: #b69e67; font-weight: 400; font-size: 23px;\"><em>Choosing a manager is vital to the success of your syndicate.<\/em><\/h1>\n<p>[\/vc_column_text][vc_empty_space height=&#8221;50px&#8221;][\/vc_column][vc_column width=&#8221;1\/4&#8243;][\/vc_column][\/vc_row][vc_row css_animation=&#8221;&#8221; row_type=&#8221;row&#8221; use_row_as_full_screen_section=&#8221;no&#8221; type=&#8221;full_width&#8221; angled_section=&#8221;no&#8221; text_align=&#8221;left&#8221; background_image_as_pattern=&#8221;without_pattern&#8221; z_index=&#8221;&#8221; css=&#8221;.vc_custom_1584718050575{margin-top: 40px !important;}&#8221;][vc_column][qode_elements_holder number_of_columns=&#8221;four_columns&#8221;][qode_elements_holder_item vertical_alignment=&#8221;top&#8221; horizontal_alignment=&#8221;left&#8221; advanced_animations=&#8221;no&#8221; item_padding=&#8221;3% 7% 3% 7%&#8221;]<div class='q_icon_with_title medium custom_icon_image center qode-iwt-content-alignment-left '><div class=\"icon_holder \" style=\" \"><img itemprop=\"image\" style=\"\" src=\"https:\/\/www.sovakmgt.com\/en\/wp-content\/uploads\/sites\/2\/2020\/05\/Sovak-Icons-Pourquoi-nous-confier-la-gestion_conservation-de-vos-biens-immobiliers.png\" alt=\"\"><\/div><div class=\"icon_text_holder\" style=\"\"><div class=\"icon_text_inner\" style=\"\"><h5 class=\"icon_title\" style=\"\"><\/h5><p style=''><\/p><\/div><\/div><\/div>[vc_column_text]<strong>The conservation of your real estate.<\/strong>.<\/p>\n<p>Our management methods and activities are focused on conserving your real estate, reducing your expenses, and maximizing your revenue. [\/vc_column_text][\/qode_elements_holder_item][qode_elements_holder_item vertical_alignment=&#8221;top&#8221; advanced_animations=&#8221;no&#8221; item_padding=&#8221;3% 7% 3% 7%&#8221;]<div class='q_icon_with_title medium custom_icon_image center qode-iwt-content-alignment-left '><div class=\"icon_holder \" style=\" \"><img itemprop=\"image\" style=\"\" src=\"https:\/\/www.sovakmgt.com\/en\/wp-content\/uploads\/sites\/2\/2020\/05\/Sovak-Icons-Pourquoi-nous-confier-la-gestion_administratives.png\" alt=\"\"><\/div><div class=\"icon_text_holder\" style=\"\"><div class=\"icon_text_inner\" style=\"\"><h5 class=\"icon_title\" style=\"\"><\/h5><p style=''><\/p><\/div><\/div><\/div>[vc_column_text]<strong>Our administrative skills.<\/strong><\/p>\n<p>Exp\u00e9rience in project management and finanacial monitoring and recognized by the Ordre des Administrateurs Agr\u00e9es du Qu\u00e9bec.[\/vc_column_text][\/qode_elements_holder_item][qode_elements_holder_item vertical_alignment=&#8221;top&#8221; horizontal_alignment=&#8221;left&#8221; advanced_animations=&#8221;no&#8221; item_padding=&#8221;3% 7% 3% 7%&#8221;]<div class='q_icon_with_title medium custom_icon_image center qode-iwt-content-alignment-left '><div class=\"icon_holder \" style=\" \"><img itemprop=\"image\" style=\"\" src=\"https:\/\/www.sovakmgt.com\/en\/wp-content\/uploads\/sites\/2\/2020\/05\/Sovak-Icons-Pourquoi-nous-confier-la-gestion_techniques.png\" alt=\"\"><\/div><div class=\"icon_text_holder\" style=\"\"><div class=\"icon_text_inner\" style=\"\"><h5 class=\"icon_title\" style=\"\"><\/h5><p style=''><\/p><\/div><\/div><\/div>[vc_column_text]<strong>Our technical skills<\/strong>.<\/p>\n<p>Our managers are also engineers and members of the Ordre des ing\u00e9nieurs and have the management and property maintenance experience necessary to get the job done.[\/vc_column_text][\/qode_elements_holder_item][qode_elements_holder_item vertical_alignment=&#8221;top&#8221; advanced_animations=&#8221;no&#8221; item_padding=&#8221;3% 7% 3% 7%&#8221;]<div class='q_icon_with_title medium custom_icon_image center qode-iwt-content-alignment-left '><div class=\"icon_holder \" style=\" \"><img itemprop=\"image\" style=\"\" src=\"https:\/\/www.sovakmgt.com\/en\/wp-content\/uploads\/sites\/2\/2020\/05\/Sovak-Icons-Pourquoi-nous-confier-la-gestion_relationelles.png\" alt=\"\"><\/div><div class=\"icon_text_holder\" style=\"\"><div class=\"icon_text_inner\" style=\"\"><h5 class=\"icon_title\" style=\"\"><\/h5><p style=''><\/p><\/div><\/div><\/div>[vc_column_text]<strong>Our relational skills.<\/strong><\/p>\n<p>These skills are essential parts of communication and healthy property management! Our property managers are diplomats; courteous, professional, attentive, and focused on your tenant\u2019s and co-owner\u2019s satisfaction.[\/vc_column_text][\/qode_elements_holder_item][\/qode_elements_holder][\/vc_column][\/vc_row][vc_row css_animation=&#8221;&#8221; row_type=&#8221;row&#8221; use_row_as_full_screen_section=&#8221;no&#8221; type=&#8221;full_width&#8221; angled_section=&#8221;no&#8221; text_align=&#8221;left&#8221; background_image_as_pattern=&#8221;without_pattern&#8221;][vc_column][vc_separator type=&#8221;normal&#8221; color=&#8221;#ffffff&#8221; thickness=&#8221;2&#8243; up=&#8221;40&#8243; down=&#8221;40&#8243;][\/vc_column][\/vc_row][vc_row css_animation=&#8221;&#8221; row_type=&#8221;row&#8221; use_row_as_full_screen_section=&#8221;no&#8221; type=&#8221;full_width&#8221; angled_section=&#8221;no&#8221; text_align=&#8221;left&#8221; background_image_as_pattern=&#8221;without_pattern&#8221; z_index=&#8221;&#8221;][vc_column][qode_elements_holder number_of_columns=&#8221;two_columns&#8221; custom_class=&#8221;beigebanner&#8221;][qode_elements_holder_item vertical_alignment=&#8221;middle&#8221; horizontal_alignment=&#8221;center&#8221; advanced_animations=&#8221;no&#8221; item_padding=&#8221;20% 20% 20% 20%&#8221;][vc_single_image image=&#8221;89&#8243; img_size=&#8221;full&#8221; alignment=&#8221;center&#8221; qode_css_animation=&#8221;&#8221;][\/qode_elements_holder_item][qode_elements_holder_item vertical_alignment=&#8221;middle&#8221; horizontal_alignment=&#8221;left&#8221; advanced_animations=&#8221;no&#8221;][vc_column_text]<\/p>\n<h2>OUR STRENGTHS<\/h2>\n<p>[\/vc_column_text][vc_separator type=&#8221;small&#8221; position=&#8221;left&#8221; width_in_percentages=&#8221;yes&#8221; color=&#8221;#000000&#8243; thickness=&#8221;1&#8243; width=&#8221;25&#8243; up=&#8221;30&#8243; down=&#8221;40&#8243;][vc_column_text]<\/p>\n<ul>\n<li>Responsive: 90% of emails and telephone calls are processed within 24 hours<\/li>\n<li>Customer service: Resolving co-owner issues is our top priority<\/li>\n<li>Building familiarity: Managers visit the building whenever necessary<\/li>\n<li>Rigour and transperency: Financial records and books (including bills) are accessible in real time on our extranet<\/li>\n<li>Sound advice: Our experience in technical <a href=\"http:\/\/www.sovakmgt.com\/en\/\">building management<\/a> makes us capable of helping our clients make choices everyday<\/li>\n<\/ul>\n<p>[\/vc_column_text][\/qode_elements_holder_item][\/qode_elements_holder][\/vc_column][\/vc_row][vc_row css_animation=&#8221;&#8221; row_type=&#8221;row&#8221; use_row_as_full_screen_section=&#8221;no&#8221; type=&#8221;full_width&#8221; angled_section=&#8221;no&#8221; text_align=&#8221;left&#8221; background_image_as_pattern=&#8221;without_pattern&#8221;][vc_column][vc_separator type=&#8221;normal&#8221; color=&#8221;#ffffff&#8221; thickness=&#8221;2&#8243; up=&#8221;40&#8243; down=&#8221;40&#8243;][\/vc_column][\/vc_row][vc_row css_animation=&#8221;&#8221; row_type=&#8221;row&#8221; use_row_as_full_screen_section=&#8221;no&#8221; type=&#8221;full_width&#8221; angled_section=&#8221;no&#8221; text_align=&#8221;left&#8221; background_image_as_pattern=&#8221;without_pattern&#8221; z_index=&#8221;&#8221;][vc_column][qode_elements_holder number_of_columns=&#8221;two_columns&#8221; custom_class=&#8221;beigebanner&#8221;][qode_elements_holder_item vertical_alignment=&#8221;middle&#8221; horizontal_alignment=&#8221;left&#8221; advanced_animations=&#8221;no&#8221;][vc_column_text]<\/p>\n<h2>Professional liability insurance<\/h2>\n<p>[\/vc_column_text][vc_separator type=&#8221;small&#8221; position=&#8221;left&#8221; width_in_percentages=&#8221;yes&#8221; color=&#8221;#000000&#8243; thickness=&#8221;1&#8243; width=&#8221;25&#8243; up=&#8221;30&#8243; down=&#8221;40&#8243;][vc_column_text]As members of two professional organizations, the Ordre des ing\u00e9nieurs du Qu\u00e9bec (OIQ) and the Ordres des Administrateurs Agr\u00e9e du Qu\u00e9bec (ADMA), respecting the ethical and professional codes is part of our business ethics. One of the requirements to be part of these two organizations is to hold a professional indemnity policy which allows the insured party to address the legal obligation of reparations in the case of injury caused by another. When you do business with SOVAK PROPERTY MANAGEMENT INC., you will be protected from all allegations of errors or omissions, as well as negligent acts.[\/vc_column_text][\/qode_elements_holder_item][qode_elements_holder_item vertical_alignment=&#8221;middle&#8221; horizontal_alignment=&#8221;center&#8221; advanced_animations=&#8221;no&#8221; item_padding=&#8221;10% 10% 10% 10%&#8221;][vc_single_image image=&#8221;83&#8243; img_size=&#8221;full&#8221; alignment=&#8221;center&#8221; qode_css_animation=&#8221;&#8221;][\/qode_elements_holder_item][\/qode_elements_holder][\/vc_column][\/vc_row][vc_row css_animation=&#8221;&#8221; row_type=&#8221;row&#8221; use_row_as_full_screen_section=&#8221;no&#8221; type=&#8221;full_width&#8221; angled_section=&#8221;no&#8221; text_align=&#8221;left&#8221; background_image_as_pattern=&#8221;without_pattern&#8221;][vc_column][vc_separator type=&#8221;normal&#8221; color=&#8221;#ffffff&#8221; thickness=&#8221;2&#8243; up=&#8221;40&#8243; down=&#8221;40&#8243;][\/vc_column][\/vc_row][vc_row css_animation=&#8221;&#8221; row_type=&#8221;row&#8221; use_row_as_full_screen_section=&#8221;no&#8221; type=&#8221;full_width&#8221; angled_section=&#8221;no&#8221; text_align=&#8221;left&#8221; background_image_as_pattern=&#8221;without_pattern&#8221; z_index=&#8221;&#8221;][vc_column][qode_elements_holder number_of_columns=&#8221;two_columns&#8221;][qode_elements_holder_item vertical_alignment=&#8221;top&#8221; horizontal_alignment=&#8221;left&#8221; advanced_animations=&#8221;no&#8221;][vc_column_text]<\/p>\n<h2>HIGHLY PERSONALIZED SERVICE<\/h2>\n<p>[\/vc_column_text][vc_separator type=&#8221;small&#8221; position=&#8221;left&#8221; width_in_percentages=&#8221;yes&#8221; color=&#8221;#000000&#8243; thickness=&#8221;1&#8243; width=&#8221;25&#8243; up=&#8221;30&#8243; down=&#8221;40&#8243;][vc_column_text css=&#8221;.vc_custom_1589410269100{padding-right: 10% !important;}&#8221;]With our service, your assigned manager will take charge of your income properties\/condominiums. This manager will do everything in their power to create and maintain a relationship with you that is based on trust, transparency, and honestly. To be able to respond to your needs, SOVAK PROPERTY MANAGEMENT INC. maintains the perfect ratio of properties per manager.[\/vc_column_text][vc_empty_space][\/qode_elements_holder_item][qode_elements_holder_item vertical_alignment=&#8221;top&#8221; horizontal_alignment=&#8221;left&#8221; advanced_animations=&#8221;no&#8221;][vc_column_text]<\/p>\n<h2>COLLABORATIVE AND TEAM WORK BASED APPROACH<\/h2>\n<p>[\/vc_column_text][vc_separator type=&#8221;small&#8221; position=&#8221;left&#8221; width_in_percentages=&#8221;yes&#8221; color=&#8221;#000000&#8243; thickness=&#8221;1&#8243; width=&#8221;25&#8243; up=&#8221;30&#8243; down=&#8221;40&#8243;][vc_column_text]Your manager will be able to take advantage of a multitude of specialized real estate resources, including engineers, plumbers, electricians, lawyers, accountants, tax advisors, and real estate agents just to name a few. Your <a href=\"http:\/\/www.sovakmgt.com\/en\/property-management\/\">property manager<\/a> will always make sure that you are getting the best price-quality ration on these services, from physical labor to the materials used. They can also rely on a team of assistants and associates who are able to help speed up request processing.[\/vc_column_text][\/qode_elements_holder_item][\/qode_elements_holder][\/vc_column][\/vc_row][vc_row css_animation=&#8221;&#8221; row_type=&#8221;row&#8221; use_row_as_full_screen_section=&#8221;no&#8221; type=&#8221;full_width&#8221; angled_section=&#8221;no&#8221; text_align=&#8221;left&#8221; background_image_as_pattern=&#8221;without_pattern&#8221;][vc_column][vc_separator type=&#8221;normal&#8221; color=&#8221;#ffffff&#8221; thickness=&#8221;2&#8243; up=&#8221;40&#8243; down=&#8221;40&#8243;][\/vc_column][\/vc_row][vc_row css_animation=&#8221;&#8221; row_type=&#8221;row&#8221; use_row_as_full_screen_section=&#8221;no&#8221; type=&#8221;full_width&#8221; angled_section=&#8221;no&#8221; text_align=&#8221;left&#8221; background_image_as_pattern=&#8221;without_pattern&#8221;][vc_column][vc_empty_space height=&#8221;100px&#8221;][\/vc_column][\/vc_row]<\/p>\n","protected":false},"excerpt":{"rendered":"<p>[vc_row css_animation=&#8221;&#8221; row_type=&#8221;row&#8221; use_row_as_full_screen_section=&#8221;no&#8221; type=&#8221;full_width&#8221; angled_section=&#8221;no&#8221; text_align=&#8221;left&#8221; background_image_as_pattern=&#8221;without_pattern&#8221; css=&#8221;.vc_custom_1584717279081{margin-bottom: 40px !important;padding-top: 65px !important;padding-right: 10% !important;padding-bottom: 30px !important;padding-left: 10% !important;background-image: url(http:\/\/www.sovakmgt.com\/wp-content\/uploads\/2020\/03\/Sovak-Pourquoi-nous-confier-la-gestion.jpg?id=1314) !important;}&#8221; z_index=&#8221;&#8221;][vc_column width=&#8221;1\/4&#8243;][\/vc_column][vc_column width=&#8221;1\/2&#8243;][vc_empty_space height=&#8221;25px&#8221;][vc_column_text] Why trust SOVAK MANAGEMENT INC. with your property management? [\/vc_column_text][vc_empty_space height=&#8221;25px&#8221;][vc_column_text] Currently, anyone who wants to be called a condominium&#8230;<\/p>\n","protected":false},"author":2,"featured_media":0,"parent":0,"menu_order":0,"comment_status":"closed","ping_status":"closed","template":"","meta":[],"_links":{"self":[{"href":"https:\/\/www.sovakmgt.com\/en\/wp-json\/wp\/v2\/pages\/88"}],"collection":[{"href":"https:\/\/www.sovakmgt.com\/en\/wp-json\/wp\/v2\/pages"}],"about":[{"href":"https:\/\/www.sovakmgt.com\/en\/wp-json\/wp\/v2\/types\/page"}],"author":[{"embeddable":true,"href":"https:\/\/www.sovakmgt.com\/en\/wp-json\/wp\/v2\/users\/2"}],"replies":[{"embeddable":true,"href":"https:\/\/www.sovakmgt.com\/en\/wp-json\/wp\/v2\/comments?post=88"}],"version-history":[{"count":3,"href":"https:\/\/www.sovakmgt.com\/en\/wp-json\/wp\/v2\/pages\/88\/revisions"}],"predecessor-version":[{"id":163,"href":"https:\/\/www.sovakmgt.com\/en\/wp-json\/wp\/v2\/pages\/88\/revisions\/163"}],"wp:attachment":[{"href":"https:\/\/www.sovakmgt.com\/en\/wp-json\/wp\/v2\/media?parent=88"}],"curies":[{"name":"wp","href":"https:\/\/api.w.org\/{rel}","templated":true}]}}